{"id":616,"date":"2024-06-17T16:01:57","date_gmt":"2024-06-17T16:01:57","guid":{"rendered":"https:\/\/promotora.campeche.gob.mx\/?page_id=616"},"modified":"2024-06-17T16:02:30","modified_gmt":"2024-06-17T16:02:30","slug":"mision","status":"publish","type":"page","link":"https:\/\/promotora.campeche.gob.mx\/?page_id=616","title":{"rendered":"Misi\u00f3n"},"content":{"rendered":"<p>[et_pb_section fb_built=\u00bb1&#8243; theme_builder_area=\u00bbpost_content\u00bb _builder_version=\u00bb4.25.0&#8243; _module_preset=\u00bbdefault\u00bb][et_pb_row _builder_version=\u00bb4.25.0&#8243; _module_preset=\u00bbdefault\u00bb theme_builder_area=\u00bbpost_content\u00bb][et_pb_column _builder_version=\u00bb4.25.0&#8243; _module_preset=\u00bbdefault\u00bb type=\u00bb4_4&#8243; theme_builder_area=\u00bbpost_content\u00bb][et_pb_text _builder_version=\u00bb4.25.0&#8243; _module_preset=\u00bbdefault\u00bb theme_builder_area=\u00bbpost_content\u00bb hover_enabled=\u00bb0&#8243; sticky_enabled=\u00bb0&#8243; header_text_color=\u00bb#691c32&#8243; header_font_size=\u00bb35px\u00bb]<\/p>\n<h1 style=\"text-align: center;\">Misi\u00f3n<\/h1>\n<p>[\/et_pb_text][et_pb_divider _builder_version=\u00bb4.25.0&#8243; _module_preset=\u00bbdefault\u00bb theme_builder_area=\u00bbpost_content\u00bb hover_enabled=\u00bb0&#8243; sticky_enabled=\u00bb0&#8243;][\/et_pb_divider][\/et_pb_column][\/et_pb_row][et_pb_row _builder_version=\u00bb4.25.0&#8243; _module_preset=\u00bbdefault\u00bb theme_builder_area=\u00bbpost_content\u00bb][et_pb_column _builder_version=\u00bb4.25.0&#8243; _module_preset=\u00bbdefault\u00bb type=\u00bb4_4&#8243; theme_builder_area=\u00bbpost_content\u00bb][et_pb_text _builder_version=\u00bb4.25.0&#8243; _module_preset=\u00bbdefault\u00bb theme_builder_area=\u00bbpost_content\u00bb text_text_color=\u00bb#000000&#8243; text_font_size=\u00bb18px\u00bb hover_enabled=\u00bb0&#8243; sticky_enabled=\u00bb0&#8243;]<\/p>\n<div class=\"et_pb_section et_pb_section_0 et_section_regular\">\n<div class=\"et_pb_row et_pb_row_0\">\n<div class=\"et_pb_column et_pb_column_4_4 et_pb_column_0  et_pb_css_mix_blend_mode_passthrough et-last-child\">\n<div class=\"et_pb_module et_pb_text et_pb_text_1  et_pb_text_align_left et_pb_bg_layout_light\">\n<div class=\"et_pb_text_inner\">\n<p style=\"text-align: justify;\"><span>Conservar el patrimonio natural del Estado de Campeche mediante la creaci\u00f3n, administraci\u00f3n, promoci\u00f3n y mantenimiento de \u00e1reas verdes conformados por recursos naturales e infraestructura de servicios con el fin de mejorar el ambiente, embellecer el paisaje urbano y ofrecer a la poblaci\u00f3n espacios para el descanso, recreo y entretenimiento que satisfaga las necesidades de convivencia del hombre con la naturaleza y consigo mismo, adem\u00e1s implementar\u00e1 programas de investigaci\u00f3n, educaci\u00f3n ambiental y su difusi\u00f3n ambiental para el uso de recursos naturales crear espacios de \u00e1reas verdes conformados por recursos naturales e infraestructura de servicios con el fin de conservar el patrimonio natural del Estado de Campeche, y al mismo tiempo, administrar, promover, mantener y conservar las \u00e1reas verdes y espacios p\u00fablicos con fines de mejorar el ambiente, embellecer el paisaje urbano para el descanso, recreo, entretenimiento, para el contacto del hombre con la naturaleza y consigo mismo.<\/span><\/p>\n<\/div>\n<\/div>\n<\/div>\n<\/div>\n<\/div>\n<div class=\"et_pb_section et_pb_section_1 et_section_regular\">\n<div class=\"et_pb_row et_pb_row_1 et_pb_row_1-4_3-4\">\n<div class=\"et_pb_column et_pb_column_1_4 et_pb_column_1  et_pb_css_mix_blend_mode_passthrough\">\n<div class=\"et_pb_module et_pb_code et_pb_code_0\">\n<div class=\"et_pb_code_inner\">\n<div id=\"fb-root\" class=\" fb_reset\">\n<div>\n<div><\/div>\n<\/div>\n<\/div>\n<div class=\"fb-like-box fb_iframe_widget\" data-height=\"640\" data-href=\"https:\/\/www.facebook.com\/PromotoraCDSE\" data-show-border=\"true\" data-show-faces=\"true\" data-stream=\"true\" data-width=\"280\" data-force-wall=\"false\" fb-xfbml-state=\"rendered\" fb-iframe-plugin-query=\"app_id=&amp;container_width=225&amp;force_wall=false&amp;height=640&amp;href=https%3A%2F%2Fwww.facebook.com%2FPromotoraCDSE&amp;locale=es_LA&amp;sdk=joey&amp;show_border=true&amp;show_faces=true&amp;stream=true&amp;width=280\"><\/div>\n<\/div>\n<\/div>\n<\/div>\n<\/div>\n<\/div>\n<p>[\/et_pb_text][\/et_pb_column][\/et_pb_row][\/et_pb_section]<\/p>\n","protected":false},"excerpt":{"rendered":"<p>Misi\u00f3n Conservar el patrimonio natural del Estado de Campeche mediante la creaci\u00f3n, administraci\u00f3n, promoci\u00f3n y mantenimiento de \u00e1reas verdes conformados por recursos naturales e infraestructura de servicios con el fin de mejorar el ambiente, embellecer el paisaje urbano y ofrecer a la poblaci\u00f3n espacios para el descanso, recreo y entretenimiento que satisfaga las necesidades de [&hellip;]<\/p>\n","protected":false},"author":2,"featured_media":0,"parent":0,"menu_order":0,"comment_status":"closed","ping_status":"closed","template":"","meta":{"_acf_changed":false,"_et_pb_use_builder":"on","_et_pb_old_content":"","_et_gb_content_width":"","footnotes":""},"class_list":["post-616","page","type-page","status-publish","hentry"],"acf":[],"_links":{"self":[{"href":"https:\/\/promotora.campeche.gob.mx\/index.php?rest_route=\/wp\/v2\/pages\/616","targetHints":{"allow":["GET"]}}],"collection":[{"href":"https:\/\/promotora.campeche.gob.mx\/index.php?rest_route=\/wp\/v2\/pages"}],"about":[{"href":"https:\/\/promotora.campeche.gob.mx\/index.php?rest_route=\/wp\/v2\/types\/page"}],"author":[{"embeddable":true,"href":"https:\/\/promotora.campeche.gob.mx\/index.php?rest_route=\/wp\/v2\/users\/2"}],"replies":[{"embeddable":true,"href":"https:\/\/promotora.campeche.gob.mx\/index.php?rest_route=%2Fwp%2Fv2%2Fcomments&post=616"}],"version-history":[{"count":3,"href":"https:\/\/promotora.campeche.gob.mx\/index.php?rest_route=\/wp\/v2\/pages\/616\/revisions"}],"predecessor-version":[{"id":620,"href":"https:\/\/promotora.campeche.gob.mx\/index.php?rest_route=\/wp\/v2\/pages\/616\/revisions\/620"}],"wp:attachment":[{"href":"https:\/\/promotora.campeche.gob.mx\/index.php?rest_route=%2Fwp%2Fv2%2Fmedia&parent=616"}],"curies":[{"name":"wp","href":"https:\/\/api.w.org\/{rel}","templated":true}]}}